{"id":15,"date":"2013-06-13T13:59:16","date_gmt":"2013-06-13T11:59:16","guid":{"rendered":"http:\/\/hkreiter.com\/?page_id=15"},"modified":"2016-08-13T11:51:17","modified_gmt":"2016-08-13T10:51:17","slug":"autor","status":"publish","type":"page","link":"http:\/\/hkreiter.com\/tilt\/autor\/","title":{"rendered":"Hans K. Reiter"},"content":{"rendered":"<p style=\"text-align: justify;\">Geboren wurde ich im M\u00e4rz zum Ende des Krieges. Meine Kindheitserinnerungen zeigen die Ruinen zerbombter H\u00e4user. Aber Leid und Not dringen nicht in mein Bewusstsein.<\/p>\n<p style=\"text-align: justify;\">Dann die Lebensphasen: Schule, Milit\u00e4r, Studium, Arbeiten, Pension. Parallel Familie, die anderen Ereignisse quasi \u00fcberlappend, bis heute.<\/p>\n<p style=\"text-align: justify;\">Lange bevor auch nur der Gedanke an eine eigene Familie keimte, haben die <em>Schwabinger Krawalle<\/em>\u00a0die Ordnung durcheinander gebracht, so etwas wie die Vorboten der 68er. Dann die 68er selbst. Viele von denen, die sich heute damit br\u00fcsten, 68er gewesen zu sein, habe ich damals gar nicht wahrgenommen. Vielleicht liegt es auch an mir.<\/p>\n<p style=\"text-align: justify;\">Sp\u00e4ter die Konfrontation mit dem\u00a0<em>Baader Meinhof Ph\u00e4nomen<\/em>, die<em> Rote Armee Fraktion,<\/em> Terroristen.\u00a0\u00a0Als damals die GSG 9 in Mogadischu die\u00a0<em>Landshut\u00a0<\/em>st\u00fcrmte, war ich gerade f\u00fcr einen gro\u00dfen deutschen Konzern in Athen, um einen Liefervertrag zu verhandeln. Seit 1974 war ich in dieser Firma angestellt, Betriebswirt. Jahrelang unterwegs, Flugpl\u00e4tze, St\u00e4dte, gro\u00dfe und kleine, USA, Argentinien, Afrika, Kasachstan und wei\u00df Gott wo \u00fcberall in Europa. Und England! Dorthin hat es mich f\u00fcr f\u00fcnf Jahre verschlagen. Anfangsprobleme? Ja, jede Menge. Manche mochten mich nicht besonders, dachten, ich sei der\u00a0<em>Deutsche<\/em>, der Wolf im Schafspelz, was ich aber nicht war.<\/p>\n<p style=\"text-align: justify;\">Mit 55 habe ich aufgeh\u00f6rt &#8211; das hatte ich mir immer so vorgestellt. Die Jahre danach? Weiter arbeiten, aber jetzt selbst\u00e4ndig als Freiberufler, zusammen mit einem Partner aus dem sonnigen S\u00fcden.<\/p>\n<p style=\"text-align: justify;\">Heute schreibe ich Geschichten,\u00a0kann meiner\u00a0Fantasie freien Raum lassen. Niemand\u00a0treibt mich an. Einigen werden sie gefallen, anderen nicht.<\/p>\n<p style=\"text-align: justify;\">So ist\u00a0<em>Der Tod des Kr\u00e4mers<\/em> entstanden. Eine Fiktion, stimmt, aber mit sehr viel Anlehnung an das, was t\u00e4glich passiert, was wir lesen und h\u00f6ren, was uns emp\u00f6rt, und was wir morgen schon wieder vergessen haben. Mein zweiter Roman, <em>TILT &#8211; T\u00f6dliche Aff\u00e4re eines Konzerns<\/em>, geht auf die skandal\u00f6sen Machenschaften eines deutschen Konzerns zur\u00fcck, der wegen seines korrupten Managements\u00a0in 2007 traurige Ber\u00fchmtheit\u00a0erlangte. Eine schnelllebige Zeit ist das. Hoffentlich bewahren wir uns trotz aller\u00a0Informationen, Statistiken, Programmen und Apps ein wenig Verstand. Es braucht gar nicht so sehr viel davon, um die Schlaumeier, Hetzer und Alleswisser zu entlarven.<\/p>\n","protected":false},"excerpt":{"rendered":"<p>&hellip;<\/p>\n","protected":false},"author":1,"featured_media":22,"parent":0,"menu_order":0,"comment_status":"open","ping_status":"open","template":"","meta":{"footnotes":""},"_links":{"self":[{"href":"http:\/\/hkreiter.com\/tilt\/wp-json\/wp\/v2\/pages\/15"}],"collection":[{"href":"http:\/\/hkreiter.com\/tilt\/wp-json\/wp\/v2\/pages"}],"about":[{"href":"http:\/\/hkreiter.com\/tilt\/wp-json\/wp\/v2\/types\/page"}],"author":[{"embeddable":true,"href":"http:\/\/hkreiter.com\/tilt\/wp-json\/wp\/v2\/users\/1"}],"replies":[{"embeddable":true,"href":"http:\/\/hkreiter.com\/tilt\/wp-json\/wp\/v2\/comments?post=15"}],"version-history":[{"count":65,"href":"http:\/\/hkreiter.com\/tilt\/wp-json\/wp\/v2\/pages\/15\/revisions"}],"predecessor-version":[{"id":3150,"href":"http:\/\/hkreiter.com\/tilt\/wp-json\/wp\/v2\/pages\/15\/revisions\/3150"}],"wp:featuredmedia":[{"embeddable":true,"href":"http:\/\/hkreiter.com\/tilt\/wp-json\/wp\/v2\/media\/22"}],"wp:attachment":[{"href":"http:\/\/hkreiter.com\/tilt\/wp-json\/wp\/v2\/media?parent=15"}],"curies":[{"name":"wp","href":"https:\/\/api.w.org\/{rel}","templated":true}]}}