{"id":17,"date":"2013-06-13T13:58:57","date_gmt":"2013-06-13T12:58:57","guid":{"rendered":"http:\/\/hkreiter.com\/?page_id=17"},"modified":"2019-01-15T16:26:11","modified_gmt":"2019-01-15T15:26:11","slug":"der-tod-des-kraemers","status":"publish","type":"page","link":"http:\/\/hkreiter.com\/tilt\/der-tod-des-kraemers\/","title":{"rendered":"Der Tod des Kr\u00e4mers"},"content":{"rendered":"<div id=\"attachment_25\" style=\"width: 224px\" class=\"wp-caption alignleft\"><a href=\"http:\/\/hkreiter.com\/wp-content\/uploads\/2013\/05\/Cover_H.Reiter-Kopie.jpg\"><img aria-describedby=\"caption-attachment-25\" decoding=\"async\" loading=\"lazy\" class=\"wp-image-25 size-medium\" src=\"http:\/\/hkreiter.com\/wp-content\/uploads\/2013\/05\/Cover_H.Reiter-Kopie-214x300.jpg\" alt=\"Der Tod des Kr\u00e4mers\" width=\"214\" height=\"300\" srcset=\"http:\/\/hkreiter.com\/wp-content\/uploads\/2013\/05\/Cover_H.Reiter-Kopie-214x300.jpg 214w, http:\/\/hkreiter.com\/wp-content\/uploads\/2013\/05\/Cover_H.Reiter-Kopie-732x1024.jpg 732w, http:\/\/hkreiter.com\/wp-content\/uploads\/2013\/05\/Cover_H.Reiter-Kopie.jpg 911w\" sizes=\"(max-width: 214px) 100vw, 214px\" \/><\/a><p id=\"caption-attachment-25\" class=\"wp-caption-text\"><span style=\"color: #666699;\">mitrei\u00dfend-authentisch-hautnah<\/span><\/p><\/div>\n<h3 style=\"text-align: justify;\"><strong><span style=\"color: #0000ff;\">Das Buch \u00a0 \u00a0 \u00a0 \u00a0 \u00a0 \u00a0 \u00a0 \u00a0 \u00a0 \u00a0 \u00a0 \u00a0 <\/span><span style=\"color: #ff00ff;\"><em>\u00a0\u00a0<\/em><\/span><\/strong><span style=\"color: #ff99cc;\"><em>\u00a0<\/em> <em>\u00a0<\/em><em> \u00a0 \u00a0\u00a0<\/em><\/span><\/h3>\n<p style=\"text-align: justify;\">\u201eWildau, eine beschauliche Gemeinde am Chiemsee, ist ersch\u00fcttert. Der Kr\u00e4mer Michael Probst ist tot. Katharina, die Tochter des Verstorbenen, erf\u00e4hrt, dass ihr Vater mit fragw\u00fcrdigen Methoden ein\u00a0betr\u00e4chtliches Verm\u00f6gen angeh\u00e4uft hat. Der Journalist Harald Brenner berichtet \u00fcber den Todesfall und sucht gemeinsam mit Katharina \u00a0den Ort des Geschehens auf. Die Umst\u00e4nde am Tatort lassen Harald Brenner am vermeintlichen Selbstmordes des Kr\u00e4mers zweifeln. Ein\u00a0Abgrund aus schmutzigen\u00a0politischen Intrigen, Korruption, Sex, Erpressung und skrupellosen\u00a0Morden tut sich auf.\u201c<\/p>\n<h3 style=\"text-align: justify;\"><span style=\"color: #666699;\"><span style=\"text-decoration: underline;\"><strong>Geschichte und Realit\u00e4t:<\/strong><\/span>\u00a0<\/span><\/h3>\n<p style=\"text-align: justify;\">Der Tod ist nichts Aufregendes &#8211; nicht f\u00fcr jene, die daf\u00fcr verantwortlich sind. Trauern tun immer nur die anderen. Die Skrupellosen trauern schon lange nicht mehr. Ihrer Gewissenlosigkeit verdanken sie viel, wenn nicht alles. Sex ist von jeher ein probates\u00a0Mittel, um Menschen gef\u00fcgig zu machen.\u00a0Sie lassen sich erpressen und tun alles, um ihre Schw\u00e4chen zu verschleiern. Mitwisser werden wie ein St\u00fcck Abfall beseitigt. Keine Gesellschaftsschicht ist davon ausgenommen, aber bei denen ganz oben wird es besonders schmutzig. Sie haben die Macht und die Mittel, um \u00fcber Leichen zu gehen, alles zu wagen und andere zu vernichten. Und sie tun es nicht einmal selbst. Sie lassen den Schmutz wegr\u00e4umen. Mehr ist ihnen ein Menschenleben nicht wert&#8230;<\/p>\n<p style=\"text-align: justify;\">Davon handelt\u00a0<span style=\"color: #0000ff;\"><em>Der Tod des Kr\u00e4mers<\/em><\/span>. Keine Gespinste\u00a0aus dunklen Gefilden\u00a0der Fantasie! Reales nimmt oft die bizarre Gestalt einer kaum vorstellbaren Geschichte an. Nur, wir wollen es nicht wahrhaben, aber es sickert ein, l\u00e4sst den Verstand nicht mehr los, zerm\u00fcrbt das Gehirn, bis wir fassungslos nach Atem ringen. Es ist zu sp\u00e4t, wir sind dem nicht gewachsen, es \u00fcbersteigt unsere Kr\u00e4fte.<\/p>\n<h3 style=\"text-align: justify;\"><span style=\"color: #666699;\"><strong><span style=\"text-decoration: underline;\">Recherchen und Resultate:<\/span><\/strong>\u00a0<\/span><\/h3>\n<p style=\"text-align: justify;\">Ich sto\u00dfe\u00a0im Internet auf Ereignisse, die ich kaum glauben kann oder l\u00e4ngst vergessen hatte. Im Kopf den roten Faden. Dann fangen die Figuren an zu leben, entwickeln ihre eigene Dynamik. Ich muss die Story anpassen, die Figuren tun es nicht. Die Geschichte nimmt ihren Lauf, nimmt Form an. Langsam und dann doch pl\u00f6tzlich steht mir\u00a0eine Welt\u00a0gegen\u00fcber, die ich\u00a0so nicht vorgestellt hatte. Es regt mich\u00a0auf, warum so und nicht so? Es geht nicht. Ich\u00a0kann meine Figuren nicht verbiegen. W\u00fcrde ich es tun, w\u00e4ren sie andere geworden und nicht mehr die Charaktere dieser\u00a0Geschichte. Also folge ich ihnen.<\/p>\n<p style=\"text-align: justify;\">Das Manuskript liegt vor mir auf dem Tisch. Ich glaube es nicht. Korruption,\u00a0hier im Land? Ich lese B\u00fccher und dutzende von Berichten. Die Geschichten wiederholen sich. Unfassbar! Ich denke nach. Das eine oder andere f\u00e4llt mir wieder ein, hatte ich gelesen, im Fernsehen\u00a0oder Radio geh\u00f6rt. Die Ereignisse sind real und sie\u00a0geschehen t\u00e4glich! Ich wandle sie\u00a0ein wenig ab &#8211; nicht die Essenz, nicht das, um was es immer geht, sondern nur die Schaupl\u00e4tze und die Figuren. Das muss ich tun, denn es k\u00f6nnte \u00fcberall geschehen sein und nicht nur dort, wo es tats\u00e4chlich passiert ist!<\/p>\n<h5><span style=\"color: #ff00ff;\">\u00a0Ich will mehr erfahren:<\/span><\/h5>\n<h5 style=\"text-align: justify;\"><span style=\"color: #ff00ff;\">\u00a0&#8211; Verlag:<\/span>\u00a0 \u00a0 \u00a0 \u00a0 \u00a0 \u00a0 <em>\u00a0 \u00a0 \u00a0 <span style=\"color: #0000ff;\">\u00a0<\/span><\/em><span style=\"color: #0000ff;\"><a style=\"color: #0000ff;\" href=\"https:\/\/tredition.de\/autoren\/hans-k-reiter-9966\/der-tod-des-kraemers-paperback-37867\/\"><em>Buch<\/em><\/a><\/span>\u00a0 <span style=\"color: #3366ff;\">&#8212;<\/span>\u00a0 <span style=\"color: #0000ff;\"><a style=\"color: #0000ff;\" href=\"https:\/\/tredition.de\/autoren\/hans-k-reiter-9966\/der-tod-des-kraemers-e-book-37952\/\"><em>eBook<\/em><\/a><\/span><\/h5>\n<h5><span style=\"color: #ff00ff;\">\u00a0&#8211; Amazon:\u00a0 \u00a0 \u00a0 \u00a0 \u00a0 \u00a0 \u00a0 \u00a0\u00a0<span style=\"color: #3366ff;\"><em><span style=\"color: #0000ff;\"><a style=\"color: #0000ff;\" href=\"https:\/\/www.amazon.de\/Tod-Kr%C3%A4mers-Hans-K-Reiter\/dp\/3849569098\/ref=sr_1_2?ie=UTF8&amp;qid=1539268655&amp;sr=8-2&amp;keywords=hans+k.+reiter\">Buch<\/a><\/span>\u00a0 &#8212;\u00a0\u00a0<\/em><span style=\"color: #0000ff;\"><a style=\"color: #0000ff;\" href=\"https:\/\/www.amazon.de\/Tod-Kr%C3%A4mers-Hans-K-Reiter-ebook\/dp\/B00G8YBB1O\/ref=tmm_kin_swatch_0?_encoding=UTF8&amp;qid=1539268655&amp;sr=8-2\"><em><span style=\"text-decoration: underline;\">eBook<\/span><\/em><\/a><\/span><\/span><\/span><\/h5>\n<h6 style=\"text-align: center;\"><\/h6>\n","protected":false},"excerpt":{"rendered":"<p>&hellip;<\/p>\n","protected":false},"author":1,"featured_media":0,"parent":0,"menu_order":10,"comment_status":"open","ping_status":"closed","template":"","meta":{"footnotes":""},"_links":{"self":[{"href":"http:\/\/hkreiter.com\/tilt\/wp-json\/wp\/v2\/pages\/17"}],"collection":[{"href":"http:\/\/hkreiter.com\/tilt\/wp-json\/wp\/v2\/pages"}],"about":[{"href":"http:\/\/hkreiter.com\/tilt\/wp-json\/wp\/v2\/types\/page"}],"author":[{"embeddable":true,"href":"http:\/\/hkreiter.com\/tilt\/wp-json\/wp\/v2\/users\/1"}],"replies":[{"embeddable":true,"href":"http:\/\/hkreiter.com\/tilt\/wp-json\/wp\/v2\/comments?post=17"}],"version-history":[{"count":134,"href":"http:\/\/hkreiter.com\/tilt\/wp-json\/wp\/v2\/pages\/17\/revisions"}],"predecessor-version":[{"id":4140,"href":"http:\/\/hkreiter.com\/tilt\/wp-json\/wp\/v2\/pages\/17\/revisions\/4140"}],"wp:attachment":[{"href":"http:\/\/hkreiter.com\/tilt\/wp-json\/wp\/v2\/media?parent=17"}],"curies":[{"name":"wp","href":"https:\/\/api.w.org\/{rel}","templated":true}]}}