{"id":3098,"date":"2016-07-16T14:56:25","date_gmt":"2016-07-16T13:56:25","guid":{"rendered":"http:\/\/hkreiter.com\/tilt\/?page_id=3098"},"modified":"2016-07-17T15:13:30","modified_gmt":"2016-07-17T14:13:30","slug":"kurzgeschichten","status":"publish","type":"page","link":"http:\/\/hkreiter.com\/tilt\/kurzgeschichten\/","title":{"rendered":"Kurzgeschichten"},"content":{"rendered":"<p style=\"text-align: justify;\">Eine <strong>Auswahl<\/strong> von <strong>Kurzgeschichten<\/strong>\u00a0ist als <span style=\"color: #3366ff;\"><em><span style=\"color: #ff0000;\"><strong><a style=\"color: #ff0000;\" href=\"http:\/\/hkreiter.com\/tilt\/iTunes\">Download<\/a><\/strong><\/span><\/em>\u00a0<span style=\"color: #000000;\">GRATIS\u00a0bei iTunes erh\u00e4ltlich <strong>(iBook)<\/strong>. Bitte nicht verwirren lassen! &gt; Teilweise sind gleiche Titel zweimal benannt. Je nach technischem Stand Ihrer jeweiligen Apple-Ger\u00e4te w\u00e4hlen Sie bitte zwischen den angezeigten Titeln. Nach anklicken eines Titels k\u00f6nnen im ersten einleitenden Satz des Fensters die technischen Voraussetzungen \u00a0des betreffenden Titels abgelesen werden.<\/span><\/span><\/p>\n<p style=\"text-align: justify;\"><strong>Alle Kurzgeschichten<\/strong> k\u00f6nnen <strong>GRATIS<\/strong>\u00a0aber auch auf <strong>dieser Seite<\/strong>, rechte Spalte <strong>(Artikel\/Themen)<\/strong>, gelesen werden.<\/p>\n<p style=\"text-align: justify;\"><strong>Viel Spass beim Lesen! \u00a0 \u00a0 \u00a0&gt;&gt;&gt;&gt;&gt;&gt;&gt;&gt;&gt;&gt; \u00a0 <a href=\"http:\/\/hkreiter.com\/tilt\/iTunes\"><em><span style=\"color: #ff0000;\">Download Kurzgeschichten<\/span><\/em><\/a><\/strong><\/p>\n","protected":false},"excerpt":{"rendered":"<p>&hellip;<\/p>\n","protected":false},"author":1,"featured_media":0,"parent":0,"menu_order":0,"comment_status":"closed","ping_status":"closed","template":"","meta":{"footnotes":""},"_links":{"self":[{"href":"http:\/\/hkreiter.com\/tilt\/wp-json\/wp\/v2\/pages\/3098"}],"collection":[{"href":"http:\/\/hkreiter.com\/tilt\/wp-json\/wp\/v2\/pages"}],"about":[{"href":"http:\/\/hkreiter.com\/tilt\/wp-json\/wp\/v2\/types\/page"}],"author":[{"embeddable":true,"href":"http:\/\/hkreiter.com\/tilt\/wp-json\/wp\/v2\/users\/1"}],"replies":[{"embeddable":true,"href":"http:\/\/hkreiter.com\/tilt\/wp-json\/wp\/v2\/comments?post=3098"}],"version-history":[{"count":14,"href":"http:\/\/hkreiter.com\/tilt\/wp-json\/wp\/v2\/pages\/3098\/revisions"}],"predecessor-version":[{"id":3127,"href":"http:\/\/hkreiter.com\/tilt\/wp-json\/wp\/v2\/pages\/3098\/revisions\/3127"}],"wp:attachment":[{"href":"http:\/\/hkreiter.com\/tilt\/wp-json\/wp\/v2\/media?parent=3098"}],"curies":[{"name":"wp","href":"https:\/\/api.w.org\/{rel}","templated":true}]}}